{"id":14096,"date":"2019-07-19T18:25:41","date_gmt":"2019-07-19T16:25:41","guid":{"rendered":"https:\/\/budulov.kulturamoldava.sk\/?page_id=14096"},"modified":"2025-01-29T22:14:22","modified_gmt":"2025-01-29T21:14:22","slug":"cennik-prenajmu","status":"publish","type":"page","link":"https:\/\/budulov.kulturamoldava.sk\/hu\/cennik-prenajmu\/","title":{"rendered":"B\u00e9rleti \u00e1rlista"},"content":{"rendered":"<h3 class=\"wp-block-heading\">Ve\u013ek\u00e1 s\u00e1la s\u00a0javiskom:\u00a025,00 \u20ac\/hod.<\/h3>\n\n\n\n<ul class=\"wp-block-list\"><li>terem:\u00a0\u00a0\u00a0\u00a0\u00a0\u00a0\u00a0\u00a0\u00a0\u00a0\u00a0\u00a0\u00a0\u00a0\u00a0\u00a0\u00a0\u00a0\u00a0\u00a0\u00a0\u00a0\u00a0\u00a0\u00a0\u00a0\u00a0\u00a0\u00a0\u00a0\u00a0\u00a0\u00a0\u00a0\u00a0\u00a0\u00a0\u00a0\u00a0\u00a0\u00a0\u00a0\u00a0\u00a0\u00a0\u00a0\u00a0\u00a0\u00a0\u00a0\u00a0\u00a0\u00a0\u00a0\u00a0181,50 m<sup>2<\/sup><\/li><li>sz\u00ednpad:\u00a0\u00a0\u00a0\u00a0\u00a0\u00a0\u00a0\u00a0\u00a0\u00a0\u00a0\u00a0\u00a0\u00a0\u00a0\u00a0\u00a0\u00a0\u00a0\u00a0\u00a0\u00a0\u00a0\u00a0\u00a0\u00a0\u00a0\u00a0\u00a0\u00a0\u00a0\u00a0\u00a0\u00a0\u00a0\u00a0\u00a0\u00a0\u00a0\u00a0\u00a0\u00a0\u00a0\u00a0\u00a0\u00a0\u00a0\u00a0\u00a0 30,10 m<sup>2<\/sup>&nbsp;&nbsp;&nbsp;&nbsp;<\/li><\/ul>\n\n\n\n<h3 class=\"wp-block-heading\">kisterem: 10,00 \u20ac\/\u00f3ra.<\/h3>\n\n\n\n<ul class=\"wp-block-list\"><li>kisterem:\u00a0\u00a0\u00a0\u00a0\u00a0\u00a0\u00a0\u00a0\u00a0\u00a0\u00a0\u00a0\u00a0\u00a0\u00a0\u00a0\u00a0\u00a0\u00a0\u00a0\u00a0\u00a0\u00a0\u00a0\u00a0\u00a0\u00a0\u00a0\u00a0\u00a0\u00a0\u00a0\u00a0\u00a0\u00a0\u00a0\u00a0\u00a0\u00a0\u00a0\u00a0\u00a0\u00a0\u00a0 35,00 m<sup>2<\/sup>&nbsp;&nbsp;&nbsp;&nbsp;<\/li><\/ul>\n\n\n\n<hr class=\"wp-block-separator\"\/>","protected":false},"excerpt":{"rendered":"<p>Ve\u013ek\u00e1 s\u00e1la s\u00a0javiskom:\u00a025,00 \u20ac\/hod. s\u00e1la:&nbsp;&nbsp;&nbsp;&nbsp;&nbsp;&nbsp;&nbsp;&nbsp;&nbsp;&nbsp;&nbsp;&nbsp;&nbsp;&nbsp;&nbsp;&nbsp;&nbsp;&nbsp;&nbsp;&nbsp;&nbsp;&nbsp;&nbsp;&nbsp;&nbsp;&nbsp;&nbsp;&nbsp;&nbsp;&nbsp;&nbsp;&nbsp;&nbsp;&nbsp;&nbsp;&nbsp;&nbsp;&nbsp;&nbsp;&nbsp;&nbsp;&nbsp;&nbsp;&nbsp;&nbsp;&nbsp;&nbsp;&nbsp;&nbsp;&nbsp;&nbsp;&nbsp;&nbsp;&nbsp;&nbsp;181,50 m2 javisko:&nbsp;&nbsp;&nbsp;&nbsp;&nbsp;&nbsp;&nbsp;&nbsp;&nbsp;&nbsp;&nbsp;&nbsp;&nbsp;&nbsp;&nbsp;&nbsp;&nbsp;&nbsp;&nbsp;&nbsp;&nbsp;&nbsp;&nbsp;&nbsp;&nbsp;&nbsp;&nbsp;&nbsp;&nbsp;&nbsp;&nbsp;&nbsp;&nbsp;&nbsp;&nbsp;&nbsp;&nbsp;&nbsp;&nbsp;&nbsp;&nbsp;&nbsp;&nbsp;&nbsp;&nbsp;&nbsp;&nbsp;&nbsp;&nbsp; 30,10 m2&nbsp;&nbsp;&nbsp;&nbsp; mal\u00e1 s\u00e1la: 10,00 \u20ac\/hod. mal\u00e1 s\u00e1la:&nbsp;&nbsp;&nbsp;&nbsp;&nbsp;&nbsp;&nbsp;&nbsp;&nbsp;&nbsp;&nbsp;&nbsp;&nbsp;&nbsp;&nbsp;&nbsp;&nbsp;&nbsp;&nbsp;&nbsp;&nbsp;&nbsp;&nbsp;&nbsp;&nbsp;&nbsp;&nbsp;&nbsp;&nbsp;&nbsp;&nbsp;&nbsp;&nbsp;&nbsp;&nbsp;&nbsp;&nbsp;&nbsp;&nbsp;&nbsp;&nbsp;&nbsp;&nbsp;&nbsp; 35,00 m2&nbsp;&nbsp;&nbsp;&nbsp;<\/p>","protected":false},"author":1,"featured_media":0,"parent":0,"menu_order":0,"comment_status":"closed","ping_status":"closed","template":"","meta":{"footnotes":""},"class_list":["post-14096","page","type-page","status-publish","hentry"],"yoast_head":"<!-- This site is optimized with the Yoast SEO plugin v27.5 - https:\/\/yoast.com\/product\/yoast-seo-wordpress\/ -->\n<title>Cenn\u00edk pren\u00e1jmu - Kult\u00farny dom Budulov<\/title>\n<meta name=\"robots\" content=\"index, follow, max-snippet:-1, max-image-preview:large, max-video-preview:-1\" \/>\n<link rel=\"canonical\" href=\"https:\/\/budulov.kulturamoldava.sk\/hu\/cennik-prenajmu\/\" \/>\n<meta property=\"og:locale\" content=\"hu_HU\" \/>\n<meta property=\"og:type\" content=\"article\" \/>\n<meta property=\"og:title\" content=\"Cenn\u00edk pren\u00e1jmu - Kult\u00farny dom Budulov\" \/>\n<meta property=\"og:description\" content=\"Ve\u013ek\u00e1 s\u00e1la s\u00a0javiskom:\u00a025,00 \u20ac\/hod. s\u00e1la:&nbsp;&nbsp;&nbsp;&nbsp;&nbsp;&nbsp;&nbsp;&nbsp;&nbsp;&nbsp;&nbsp;&nbsp;&nbsp;&nbsp;&nbsp;&nbsp;&nbsp;&nbsp;&nbsp;&nbsp;&nbsp;&nbsp;&nbsp;&nbsp;&nbsp;&nbsp;&nbsp;&nbsp;&nbsp;&nbsp;&nbsp;&nbsp;&nbsp;&nbsp;&nbsp;&nbsp;&nbsp;&nbsp;&nbsp;&nbsp;&nbsp;&nbsp;&nbsp;&nbsp;&nbsp;&nbsp;&nbsp;&nbsp;&nbsp;&nbsp;&nbsp;&nbsp;&nbsp;&nbsp;&nbsp;181,50 m2 javisko:&nbsp;&nbsp;&nbsp;&nbsp;&nbsp;&nbsp;&nbsp;&nbsp;&nbsp;&nbsp;&nbsp;&nbsp;&nbsp;&nbsp;&nbsp;&nbsp;&nbsp;&nbsp;&nbsp;&nbsp;&nbsp;&nbsp;&nbsp;&nbsp;&nbsp;&nbsp;&nbsp;&nbsp;&nbsp;&nbsp;&nbsp;&nbsp;&nbsp;&nbsp;&nbsp;&nbsp;&nbsp;&nbsp;&nbsp;&nbsp;&nbsp;&nbsp;&nbsp;&nbsp;&nbsp;&nbsp;&nbsp;&nbsp;&nbsp; 30,10 m2&nbsp;&nbsp;&nbsp;&nbsp; mal\u00e1 s\u00e1la: 10,00 \u20ac\/hod. mal\u00e1 s\u00e1la:&nbsp;&nbsp;&nbsp;&nbsp;&nbsp;&nbsp;&nbsp;&nbsp;&nbsp;&nbsp;&nbsp;&nbsp;&nbsp;&nbsp;&nbsp;&nbsp;&nbsp;&nbsp;&nbsp;&nbsp;&nbsp;&nbsp;&nbsp;&nbsp;&nbsp;&nbsp;&nbsp;&nbsp;&nbsp;&nbsp;&nbsp;&nbsp;&nbsp;&nbsp;&nbsp;&nbsp;&nbsp;&nbsp;&nbsp;&nbsp;&nbsp;&nbsp;&nbsp;&nbsp; 35,00 m2&nbsp;&nbsp;&nbsp;&nbsp;\" \/>\n<meta property=\"og:url\" content=\"https:\/\/budulov.kulturamoldava.sk\/hu\/cennik-prenajmu\/\" \/>\n<meta property=\"og:site_name\" content=\"Kult\u00farny dom Budulov\" \/>\n<meta property=\"article:modified_time\" content=\"2025-01-29T21:14:22+00:00\" \/>\n<meta name=\"twitter:card\" content=\"summary_large_image\" \/>\n<meta name=\"twitter:label1\" content=\"Becs\u00fclt olvas\u00e1si id\u0151\" \/>\n\t<meta name=\"twitter:data1\" content=\"1 perc\" \/>\n<script type=\"application\/ld+json\" class=\"yoast-schema-graph\">{\"@context\":\"https:\\\/\\\/schema.org\",\"@graph\":[{\"@type\":\"WebPage\",\"@id\":\"https:\\\/\\\/budulov.kulturamoldava.sk\\\/cennik-prenajmu\\\/\",\"url\":\"https:\\\/\\\/budulov.kulturamoldava.sk\\\/cennik-prenajmu\\\/\",\"name\":\"Cenn\u00edk pren\u00e1jmu - Kult\u00farny dom Budulov\",\"isPartOf\":{\"@id\":\"https:\\\/\\\/budulov.kulturamoldava.sk\\\/#website\"},\"datePublished\":\"2019-07-19T16:25:41+00:00\",\"dateModified\":\"2025-01-29T21:14:22+00:00\",\"breadcrumb\":{\"@id\":\"https:\\\/\\\/budulov.kulturamoldava.sk\\\/cennik-prenajmu\\\/#breadcrumb\"},\"inLanguage\":\"hu\",\"potentialAction\":[{\"@type\":\"ReadAction\",\"target\":[\"https:\\\/\\\/budulov.kulturamoldava.sk\\\/cennik-prenajmu\\\/\"]}]},{\"@type\":\"BreadcrumbList\",\"@id\":\"https:\\\/\\\/budulov.kulturamoldava.sk\\\/cennik-prenajmu\\\/#breadcrumb\",\"itemListElement\":[{\"@type\":\"ListItem\",\"position\":1,\"name\":\"Home\",\"item\":\"https:\\\/\\\/budulov.kulturamoldava.sk\\\/\"},{\"@type\":\"ListItem\",\"position\":2,\"name\":\"Cenn\u00edk pren\u00e1jmu\"}]},{\"@type\":\"WebSite\",\"@id\":\"https:\\\/\\\/budulov.kulturamoldava.sk\\\/#website\",\"url\":\"https:\\\/\\\/budulov.kulturamoldava.sk\\\/\",\"name\":\"Kult\u00farny dom Budulov\",\"description\":\"\",\"potentialAction\":[{\"@type\":\"SearchAction\",\"target\":{\"@type\":\"EntryPoint\",\"urlTemplate\":\"https:\\\/\\\/budulov.kulturamoldava.sk\\\/?s={search_term_string}\"},\"query-input\":{\"@type\":\"PropertyValueSpecification\",\"valueRequired\":true,\"valueName\":\"search_term_string\"}}],\"inLanguage\":\"hu\"}]}<\/script>\n<!-- \/ Yoast SEO plugin. -->","yoast_head_json":{"title":"Cenn\u00edk pren\u00e1jmu - Kult\u00farny dom Budulov","robots":{"index":"index","follow":"follow","max-snippet":"max-snippet:-1","max-image-preview":"max-image-preview:large","max-video-preview":"max-video-preview:-1"},"canonical":"https:\/\/budulov.kulturamoldava.sk\/hu\/cennik-prenajmu\/","og_locale":"hu_HU","og_type":"article","og_title":"Cenn\u00edk pren\u00e1jmu - Kult\u00farny dom Budulov","og_description":"Ve\u013ek\u00e1 s\u00e1la s\u00a0javiskom:\u00a025,00 \u20ac\/hod. s\u00e1la:&nbsp;&nbsp;&nbsp;&nbsp;&nbsp;&nbsp;&nbsp;&nbsp;&nbsp;&nbsp;&nbsp;&nbsp;&nbsp;&nbsp;&nbsp;&nbsp;&nbsp;&nbsp;&nbsp;&nbsp;&nbsp;&nbsp;&nbsp;&nbsp;&nbsp;&nbsp;&nbsp;&nbsp;&nbsp;&nbsp;&nbsp;&nbsp;&nbsp;&nbsp;&nbsp;&nbsp;&nbsp;&nbsp;&nbsp;&nbsp;&nbsp;&nbsp;&nbsp;&nbsp;&nbsp;&nbsp;&nbsp;&nbsp;&nbsp;&nbsp;&nbsp;&nbsp;&nbsp;&nbsp;&nbsp;181,50 m2 javisko:&nbsp;&nbsp;&nbsp;&nbsp;&nbsp;&nbsp;&nbsp;&nbsp;&nbsp;&nbsp;&nbsp;&nbsp;&nbsp;&nbsp;&nbsp;&nbsp;&nbsp;&nbsp;&nbsp;&nbsp;&nbsp;&nbsp;&nbsp;&nbsp;&nbsp;&nbsp;&nbsp;&nbsp;&nbsp;&nbsp;&nbsp;&nbsp;&nbsp;&nbsp;&nbsp;&nbsp;&nbsp;&nbsp;&nbsp;&nbsp;&nbsp;&nbsp;&nbsp;&nbsp;&nbsp;&nbsp;&nbsp;&nbsp;&nbsp; 30,10 m2&nbsp;&nbsp;&nbsp;&nbsp; mal\u00e1 s\u00e1la: 10,00 \u20ac\/hod. mal\u00e1 s\u00e1la:&nbsp;&nbsp;&nbsp;&nbsp;&nbsp;&nbsp;&nbsp;&nbsp;&nbsp;&nbsp;&nbsp;&nbsp;&nbsp;&nbsp;&nbsp;&nbsp;&nbsp;&nbsp;&nbsp;&nbsp;&nbsp;&nbsp;&nbsp;&nbsp;&nbsp;&nbsp;&nbsp;&nbsp;&nbsp;&nbsp;&nbsp;&nbsp;&nbsp;&nbsp;&nbsp;&nbsp;&nbsp;&nbsp;&nbsp;&nbsp;&nbsp;&nbsp;&nbsp;&nbsp; 35,00 m2&nbsp;&nbsp;&nbsp;&nbsp;","og_url":"https:\/\/budulov.kulturamoldava.sk\/hu\/cennik-prenajmu\/","og_site_name":"Kult\u00farny dom Budulov","article_modified_time":"2025-01-29T21:14:22+00:00","twitter_card":"summary_large_image","twitter_misc":{"Becs\u00fclt olvas\u00e1si id\u0151":"1 perc"},"schema":{"@context":"https:\/\/schema.org","@graph":[{"@type":"WebPage","@id":"https:\/\/budulov.kulturamoldava.sk\/cennik-prenajmu\/","url":"https:\/\/budulov.kulturamoldava.sk\/cennik-prenajmu\/","name":"Cenn\u00edk pren\u00e1jmu - Kult\u00farny dom Budulov","isPartOf":{"@id":"https:\/\/budulov.kulturamoldava.sk\/#website"},"datePublished":"2019-07-19T16:25:41+00:00","dateModified":"2025-01-29T21:14:22+00:00","breadcrumb":{"@id":"https:\/\/budulov.kulturamoldava.sk\/cennik-prenajmu\/#breadcrumb"},"inLanguage":"hu","potentialAction":[{"@type":"ReadAction","target":["https:\/\/budulov.kulturamoldava.sk\/cennik-prenajmu\/"]}]},{"@type":"BreadcrumbList","@id":"https:\/\/budulov.kulturamoldava.sk\/cennik-prenajmu\/#breadcrumb","itemListElement":[{"@type":"ListItem","position":1,"name":"Home","item":"https:\/\/budulov.kulturamoldava.sk\/"},{"@type":"ListItem","position":2,"name":"Cenn\u00edk pren\u00e1jmu"}]},{"@type":"WebSite","@id":"https:\/\/budulov.kulturamoldava.sk\/#website","url":"https:\/\/budulov.kulturamoldava.sk\/","name":"Kult\u00farny dom Budulov","description":"","potentialAction":[{"@type":"SearchAction","target":{"@type":"EntryPoint","urlTemplate":"https:\/\/budulov.kulturamoldava.sk\/?s={search_term_string}"},"query-input":{"@type":"PropertyValueSpecification","valueRequired":true,"valueName":"search_term_string"}}],"inLanguage":"hu"}]}},"_links":{"self":[{"href":"https:\/\/budulov.kulturamoldava.sk\/hu\/wp-json\/wp\/v2\/pages\/14096","targetHints":{"allow":["GET"]}}],"collection":[{"href":"https:\/\/budulov.kulturamoldava.sk\/hu\/wp-json\/wp\/v2\/pages"}],"about":[{"href":"https:\/\/budulov.kulturamoldava.sk\/hu\/wp-json\/wp\/v2\/types\/page"}],"author":[{"embeddable":true,"href":"https:\/\/budulov.kulturamoldava.sk\/hu\/wp-json\/wp\/v2\/users\/1"}],"replies":[{"embeddable":true,"href":"https:\/\/budulov.kulturamoldava.sk\/hu\/wp-json\/wp\/v2\/comments?post=14096"}],"version-history":[{"count":8,"href":"https:\/\/budulov.kulturamoldava.sk\/hu\/wp-json\/wp\/v2\/pages\/14096\/revisions"}],"predecessor-version":[{"id":14381,"href":"https:\/\/budulov.kulturamoldava.sk\/hu\/wp-json\/wp\/v2\/pages\/14096\/revisions\/14381"}],"wp:attachment":[{"href":"https:\/\/budulov.kulturamoldava.sk\/hu\/wp-json\/wp\/v2\/media?parent=14096"}],"curies":[{"name":"wp","href":"https:\/\/api.w.org\/{rel}","templated":true}]}}