{"id":11267,"date":"2016-06-13T08:36:18","date_gmt":"2016-06-13T08:36:18","guid":{"rendered":"http:\/\/eco-press.cmsmasters.net\/?page_id=11258"},"modified":"2019-11-13T13:21:04","modified_gmt":"2019-11-13T12:21:04","slug":"clanky","status":"publish","type":"page","link":"https:\/\/budulov.kulturamoldava.sk\/hu\/clanky\/","title":{"rendered":"Cikkek"},"content":{"rendered":"<div id=\"cmsmasters_row_5636963f7d\" class=\"cmsmasters_row cmsmasters_color_scheme_default cmsmasters_row_top_default cmsmasters_row_bot_default cmsmasters_row_boxed\">\n<div class=\"cmsmasters_row_outer_parent\">\n<div class=\"cmsmasters_row_outer\">\n<div class=\"cmsmasters_row_inner\">\n<div class=\"cmsmasters_row_margin\">\n<div id=\"cmsmasters_column_\" class=\"cmsmasters_column one_first\">\n<div class=\"cmsmasters_column_inner\"><div id=\"blog_e65cc8c06b\" class=\"cmsmasters_wrap_blog entry-summary\" data-layout=\"standard\" data-layout-mode=\"\" data-url=\"https:\/\/budulov.kulturamoldava.sk\/wp-content\/plugins\/cmsmasters-content-composer\/\" data-orderby=\"date\" data-order=\"DESC\" data-count=\"6\" data-categories=\"nezaradene\" data-metadata=\"date,categories,author,comments,likes,more\" data-pagination=\"more\"><div class=\"blog standard\"><!-- Start Post Default Article  -->\r\n<article id=\"post-285\" class=\"cmsmasters_post_default post-285 post type-post status-publish format-image has-post-thumbnail hentry category-nezaradene post_format-post-format-image\">\r\n\t<div class=\"cmsmasters_post_cont\">\r\n\t\t<div class=\"cmsmasters_post_media\"><figure class=\"cmsmasters_img_wrap\"><a href=\"https:\/\/budulov.kulturamoldava.sk\/wp-content\/uploads\/2017\/11\/71230358_2646433185675821_3149905310961893376_o.jpg\" title=\"Ochutn\u00e1vka v\u00edn v Budulove\" rel=\"ilightbox[img_285_69f60bc29bdee]\" class=\"cmsmasters_img_link\"><img loading=\"lazy\" decoding=\"async\" width=\"860\" height=\"574\" src=\"https:\/\/budulov.kulturamoldava.sk\/wp-content\/uploads\/2017\/11\/71230358_2646433185675821_3149905310961893376_o-860x574.jpg\" class=\"\" alt=\"Ochutn\u00e1vka v\u00edn v Budulove\" title=\"71230358_2646433185675821_3149905310961893376_o\" srcset=\"https:\/\/budulov.kulturamoldava.sk\/wp-content\/uploads\/2017\/11\/71230358_2646433185675821_3149905310961893376_o-860x574.jpg 860w, https:\/\/budulov.kulturamoldava.sk\/wp-content\/uploads\/2017\/11\/71230358_2646433185675821_3149905310961893376_o-300x200.jpg 300w, https:\/\/budulov.kulturamoldava.sk\/wp-content\/uploads\/2017\/11\/71230358_2646433185675821_3149905310961893376_o-768x512.jpg 768w, https:\/\/budulov.kulturamoldava.sk\/wp-content\/uploads\/2017\/11\/71230358_2646433185675821_3149905310961893376_o-1024x683.jpg 1024w, https:\/\/budulov.kulturamoldava.sk\/wp-content\/uploads\/2017\/11\/71230358_2646433185675821_3149905310961893376_o-580x387.jpg 580w, https:\/\/budulov.kulturamoldava.sk\/wp-content\/uploads\/2017\/11\/71230358_2646433185675821_3149905310961893376_o-1160x774.jpg 1160w, https:\/\/budulov.kulturamoldava.sk\/wp-content\/uploads\/2017\/11\/71230358_2646433185675821_3149905310961893376_o-1320x880.jpg 1320w, https:\/\/budulov.kulturamoldava.sk\/wp-content\/uploads\/2017\/11\/71230358_2646433185675821_3149905310961893376_o.jpg 1898w\" sizes=\"auto, (max-width: 860px) 100vw, 860px\" \/><\/a><\/figure><span class=\"cmsmasters_post_date\"><abbr class=\"published\" title=\"11. november 2019\">11. november 2019<\/abbr><abbr class=\"dn date updated\" title=\"16. november 2020\">16. november 2020<\/abbr><\/span><\/div><div class=\"cmsmasters_post_cont_info entry-meta\"><span class=\"cmsmasters_post_author\">by <a href=\"https:\/\/budulov.kulturamoldava.sk\/hu\/author\/kdbudulov\/\" title=\"Posts by kdbudulov\" class=\"vcard author\" rel=\"author\"><span class=\"fn\">kdbudulov<\/span><\/a><\/span><span class=\"cmsmasters_post_category\">in <a href=\"https:\/\/budulov.kulturamoldava.sk\/hu\/category\/nezaradene\/\" class=\"cmsmasters_cat_color cmsmasters_cat_1\" rel=\"category tag\">Nezaraden\u00e9<\/a><\/span><\/div><header class=\"cmsmasters_post_header entry-header\"><h4 class=\"cmsmasters_post_title entry-title\"><a href=\"https:\/\/budulov.kulturamoldava.sk\/hu\/ochutnavka-vin-v-budulove\/\">Ochutn\u00e1vka v\u00edn v Budulove<\/a><\/h4><\/header><div class=\"cmsmasters_post_content entry-content\">\n<p>Chutn\u00e9 miestne v\u00edna a fantastick\u00e1 cig\u00e1nska hudba charakterizovala, u\u017e po druh\u00fd kr\u00e1t organizovan\u00fa ochutn\u00e1vku v\u00edn pod n\u00e1zvom Vinalia, ktor\u00e1 sa konala po sl\u00e1vnostnom odhalen\u00ed erbu v miestnom kult\u00farnom dome v Budulove.<\/p>\n<\/div>\n<footer class=\"cmsmasters_post_footer entry-meta\"><a class=\"cmsmasters_post_read_more cmsmasters_button\" href=\"https:\/\/budulov.kulturamoldava.sk\/hu\/ochutnavka-vin-v-budulove\/\">\u010c\u00edta\u0165 \u010falej<\/a><span class=\"cmsmasters_likes cmsmasters_post_likes\"><a href=\"#\" onclick=\"cmsmastersLike(285, false); return false;\" id=\"cmsmastersLike-285\" class=\"cmsmastersLike cmsmasters_theme_icon_like\"><span>13 <\/span><\/a><\/span><\/footer>\t<\/div>\r\n<\/article>\r\n<!-- Finish Post Default Article  -->\r\n\r\n<!-- Start Post Default Article  -->\r\n<article id=\"post-85\" class=\"cmsmasters_post_default post-85 post type-post status-publish format-image has-post-thumbnail hentry category-nezaradene post_format-post-format-image\">\r\n\t<div class=\"cmsmasters_post_cont\">\r\n\t\t<div class=\"cmsmasters_post_media\"><figure class=\"cmsmasters_img_wrap\"><a href=\"https:\/\/budulov.kulturamoldava.sk\/wp-content\/uploads\/2019\/11\/ochutn\u00e1vka-v\u00edn-2019-11-e1573507614835.jpg\" title=\"Ukon\u010dila sa druh\u00e1 ve\u013ek\u00e1 rekon\u0161trukcia kult\u00farn\u00e9ho domu\" rel=\"ilightbox[img_85_69f60bc29df5c]\" class=\"cmsmasters_img_link\"><img loading=\"lazy\" decoding=\"async\" width=\"860\" height=\"573\" src=\"https:\/\/budulov.kulturamoldava.sk\/wp-content\/uploads\/2019\/11\/ochutn\u00e1vka-v\u00edn-2019-11-860x573.jpg\" class=\"\" alt=\"Ukon\u010dila sa druh\u00e1 ve\u013ek\u00e1 rekon\u0161trukcia kult\u00farn\u00e9ho domu\" title=\"ochutn\u00e1vka v\u00edn 2019 (11)\" srcset=\"https:\/\/budulov.kulturamoldava.sk\/wp-content\/uploads\/2019\/11\/ochutn\u00e1vka-v\u00edn-2019-11-860x573.jpg 860w, https:\/\/budulov.kulturamoldava.sk\/wp-content\/uploads\/2019\/11\/ochutn\u00e1vka-v\u00edn-2019-11-300x200.jpg 300w, https:\/\/budulov.kulturamoldava.sk\/wp-content\/uploads\/2019\/11\/ochutn\u00e1vka-v\u00edn-2019-11-768x512.jpg 768w, https:\/\/budulov.kulturamoldava.sk\/wp-content\/uploads\/2019\/11\/ochutn\u00e1vka-v\u00edn-2019-11-1024x683.jpg 1024w, https:\/\/budulov.kulturamoldava.sk\/wp-content\/uploads\/2019\/11\/ochutn\u00e1vka-v\u00edn-2019-11-580x387.jpg 580w, https:\/\/budulov.kulturamoldava.sk\/wp-content\/uploads\/2019\/11\/ochutn\u00e1vka-v\u00edn-2019-11-1160x773.jpg 1160w, https:\/\/budulov.kulturamoldava.sk\/wp-content\/uploads\/2019\/11\/ochutn\u00e1vka-v\u00edn-2019-11-1320x880.jpg 1320w\" sizes=\"auto, (max-width: 860px) 100vw, 860px\" \/><\/a><\/figure><span class=\"cmsmasters_post_date\"><abbr class=\"published\" title=\"11. november 2019\">11. november 2019<\/abbr><abbr class=\"dn date updated\" title=\"16. november 2020\">16. november 2020<\/abbr><\/span><\/div><div class=\"cmsmasters_post_cont_info entry-meta\"><span class=\"cmsmasters_post_author\">by <a href=\"https:\/\/budulov.kulturamoldava.sk\/hu\/author\/kdbudulov\/\" title=\"Posts by kdbudulov\" class=\"vcard author\" rel=\"author\"><span class=\"fn\">kdbudulov<\/span><\/a><\/span><span class=\"cmsmasters_post_category\">in <a href=\"https:\/\/budulov.kulturamoldava.sk\/hu\/category\/nezaradene\/\" class=\"cmsmasters_cat_color cmsmasters_cat_1\" rel=\"category tag\">Nezaraden\u00e9<\/a><\/span><\/div><header class=\"cmsmasters_post_header entry-header\"><h4 class=\"cmsmasters_post_title entry-title\"><a href=\"https:\/\/budulov.kulturamoldava.sk\/hu\/ukoncila-sa-druha-rekonstrukcia-na-kulturnom-dome\/\">Ukon\u010dila sa druh\u00e1 ve\u013ek\u00e1 rekon\u0161trukcia kult\u00farn\u00e9ho domu<\/a><\/h4><\/header><div class=\"cmsmasters_post_content entry-content\">\n<p>Po dlh\u00fdch rokoch \u010dakania sa v roku 2018 za\u010dalo s renov\u00e1ciou priestorov v kult\u00farnom dome v Budulove za podpory vedenia mesta a mestsk\u00e9ho zastupite\u013estva.<\/p>\n<\/div>\n<footer class=\"cmsmasters_post_footer entry-meta\"><a class=\"cmsmasters_post_read_more cmsmasters_button\" href=\"https:\/\/budulov.kulturamoldava.sk\/hu\/ukoncila-sa-druha-rekonstrukcia-na-kulturnom-dome\/\">\u010c\u00edta\u0165 \u010falej<\/a><span class=\"cmsmasters_likes cmsmasters_post_likes\"><a href=\"#\" onclick=\"cmsmastersLike(85, false); return false;\" id=\"cmsmastersLike-85\" class=\"cmsmastersLike cmsmasters_theme_icon_like\"><span>13 <\/span><\/a><\/span><\/footer>\t<\/div>\r\n<\/article>\r\n<!-- Finish Post Default Article  -->\r\n\r\n<\/div><div class=\"cmsmasters_wrap_more_posts cmsmasters_wrap_more_items\"><\/div><\/div>\n<\/div><\/div>\n<\/div>\n<\/div>\n<\/div>\n<\/div>\n<\/div>\n\n","protected":false},"excerpt":{"rendered":"","protected":false},"author":1,"featured_media":0,"parent":0,"menu_order":0,"comment_status":"closed","ping_status":"closed","template":"","meta":{"footnotes":""},"class_list":["post-11267","page","type-page","status-publish","hentry"],"yoast_head":"<!-- This site is optimized with the Yoast SEO plugin v27.5 - https:\/\/yoast.com\/product\/yoast-seo-wordpress\/ -->\n<title>\u010cl\u00e1nky - Kult\u00farny dom Budulov<\/title>\n<meta name=\"robots\" content=\"index, follow, max-snippet:-1, max-image-preview:large, max-video-preview:-1\" \/>\n<link rel=\"canonical\" href=\"https:\/\/budulov.kulturamoldava.sk\/hu\/clanky\/\" \/>\n<meta property=\"og:locale\" content=\"hu_HU\" \/>\n<meta property=\"og:type\" content=\"article\" \/>\n<meta property=\"og:title\" content=\"\u010cl\u00e1nky - Kult\u00farny dom Budulov\" \/>\n<meta property=\"og:url\" content=\"https:\/\/budulov.kulturamoldava.sk\/hu\/clanky\/\" \/>\n<meta property=\"og:site_name\" content=\"Kult\u00farny dom Budulov\" \/>\n<meta property=\"article:modified_time\" content=\"2019-11-13T12:21:04+00:00\" \/>\n<meta name=\"twitter:card\" content=\"summary_large_image\" \/>\n<script type=\"application\/ld+json\" class=\"yoast-schema-graph\">{\"@context\":\"https:\\\/\\\/schema.org\",\"@graph\":[{\"@type\":\"WebPage\",\"@id\":\"https:\\\/\\\/budulov.kulturamoldava.sk\\\/clanky\\\/\",\"url\":\"https:\\\/\\\/budulov.kulturamoldava.sk\\\/clanky\\\/\",\"name\":\"\u010cl\u00e1nky - Kult\u00farny dom Budulov\",\"isPartOf\":{\"@id\":\"https:\\\/\\\/budulov.kulturamoldava.sk\\\/#website\"},\"datePublished\":\"2016-06-13T08:36:18+00:00\",\"dateModified\":\"2019-11-13T12:21:04+00:00\",\"breadcrumb\":{\"@id\":\"https:\\\/\\\/budulov.kulturamoldava.sk\\\/clanky\\\/#breadcrumb\"},\"inLanguage\":\"hu\",\"potentialAction\":[{\"@type\":\"ReadAction\",\"target\":[\"https:\\\/\\\/budulov.kulturamoldava.sk\\\/clanky\\\/\"]}]},{\"@type\":\"BreadcrumbList\",\"@id\":\"https:\\\/\\\/budulov.kulturamoldava.sk\\\/clanky\\\/#breadcrumb\",\"itemListElement\":[{\"@type\":\"ListItem\",\"position\":1,\"name\":\"Home\",\"item\":\"https:\\\/\\\/budulov.kulturamoldava.sk\\\/\"},{\"@type\":\"ListItem\",\"position\":2,\"name\":\"\u010cl\u00e1nky\"}]},{\"@type\":\"WebSite\",\"@id\":\"https:\\\/\\\/budulov.kulturamoldava.sk\\\/#website\",\"url\":\"https:\\\/\\\/budulov.kulturamoldava.sk\\\/\",\"name\":\"Kult\u00farny dom Budulov\",\"description\":\"\",\"potentialAction\":[{\"@type\":\"SearchAction\",\"target\":{\"@type\":\"EntryPoint\",\"urlTemplate\":\"https:\\\/\\\/budulov.kulturamoldava.sk\\\/?s={search_term_string}\"},\"query-input\":{\"@type\":\"PropertyValueSpecification\",\"valueRequired\":true,\"valueName\":\"search_term_string\"}}],\"inLanguage\":\"hu\"}]}<\/script>\n<!-- \/ Yoast SEO plugin. -->","yoast_head_json":{"title":"\u010cl\u00e1nky - Kult\u00farny dom Budulov","robots":{"index":"index","follow":"follow","max-snippet":"max-snippet:-1","max-image-preview":"max-image-preview:large","max-video-preview":"max-video-preview:-1"},"canonical":"https:\/\/budulov.kulturamoldava.sk\/hu\/clanky\/","og_locale":"hu_HU","og_type":"article","og_title":"\u010cl\u00e1nky - Kult\u00farny dom Budulov","og_url":"https:\/\/budulov.kulturamoldava.sk\/hu\/clanky\/","og_site_name":"Kult\u00farny dom Budulov","article_modified_time":"2019-11-13T12:21:04+00:00","twitter_card":"summary_large_image","schema":{"@context":"https:\/\/schema.org","@graph":[{"@type":"WebPage","@id":"https:\/\/budulov.kulturamoldava.sk\/clanky\/","url":"https:\/\/budulov.kulturamoldava.sk\/clanky\/","name":"\u010cl\u00e1nky - Kult\u00farny dom Budulov","isPartOf":{"@id":"https:\/\/budulov.kulturamoldava.sk\/#website"},"datePublished":"2016-06-13T08:36:18+00:00","dateModified":"2019-11-13T12:21:04+00:00","breadcrumb":{"@id":"https:\/\/budulov.kulturamoldava.sk\/clanky\/#breadcrumb"},"inLanguage":"hu","potentialAction":[{"@type":"ReadAction","target":["https:\/\/budulov.kulturamoldava.sk\/clanky\/"]}]},{"@type":"BreadcrumbList","@id":"https:\/\/budulov.kulturamoldava.sk\/clanky\/#breadcrumb","itemListElement":[{"@type":"ListItem","position":1,"name":"Home","item":"https:\/\/budulov.kulturamoldava.sk\/"},{"@type":"ListItem","position":2,"name":"\u010cl\u00e1nky"}]},{"@type":"WebSite","@id":"https:\/\/budulov.kulturamoldava.sk\/#website","url":"https:\/\/budulov.kulturamoldava.sk\/","name":"Kult\u00farny dom Budulov","description":"","potentialAction":[{"@type":"SearchAction","target":{"@type":"EntryPoint","urlTemplate":"https:\/\/budulov.kulturamoldava.sk\/?s={search_term_string}"},"query-input":{"@type":"PropertyValueSpecification","valueRequired":true,"valueName":"search_term_string"}}],"inLanguage":"hu"}]}},"_links":{"self":[{"href":"https:\/\/budulov.kulturamoldava.sk\/hu\/wp-json\/wp\/v2\/pages\/11267","targetHints":{"allow":["GET"]}}],"collection":[{"href":"https:\/\/budulov.kulturamoldava.sk\/hu\/wp-json\/wp\/v2\/pages"}],"about":[{"href":"https:\/\/budulov.kulturamoldava.sk\/hu\/wp-json\/wp\/v2\/types\/page"}],"author":[{"embeddable":true,"href":"https:\/\/budulov.kulturamoldava.sk\/hu\/wp-json\/wp\/v2\/users\/1"}],"replies":[{"embeddable":true,"href":"https:\/\/budulov.kulturamoldava.sk\/hu\/wp-json\/wp\/v2\/comments?post=11267"}],"version-history":[{"count":3,"href":"https:\/\/budulov.kulturamoldava.sk\/hu\/wp-json\/wp\/v2\/pages\/11267\/revisions"}],"predecessor-version":[{"id":14280,"href":"https:\/\/budulov.kulturamoldava.sk\/hu\/wp-json\/wp\/v2\/pages\/11267\/revisions\/14280"}],"wp:attachment":[{"href":"https:\/\/budulov.kulturamoldava.sk\/hu\/wp-json\/wp\/v2\/media?parent=11267"}],"curies":[{"name":"wp","href":"https:\/\/api.w.org\/{rel}","templated":true}]}}